{"id":12352,"date":"2025-07-04T13:57:21","date_gmt":"2025-07-04T13:57:21","guid":{"rendered":"https:\/\/n-mtravel.com\/?post_type=product&#038;p=12352"},"modified":"2025-12-01T11:08:34","modified_gmt":"2025-12-01T11:08:34","slug":"private-excursion-from-cairo-to-the-sphinx-pyramid-and-archeological-sites","status":"publish","type":"product","link":"https:\/\/n-mtravel.com\/egipat-ture\/privatni-izlet-iz-kaira-piramide-sfinga-i-arheoloska-nalazista","title":{"rendered":"Private tour from Cairo - Pyramids, Sphinx and archaeological sites"},"content":{"rendered":"<p>Step back in time and immerse yourself in the wonders of Ancient Egypt on this private full-day tour. Visit the awe-inspiring Giza Pyramids, the legendary Sphinx, and the \nhistoric site of Saqqara, with an unforgettable end to your journey in the ancient city of Memphis, the former capital of Egypt!<\/p>\n<hr \/>\n<h4><\/h4>\n<h4 id=\"whats-included\">What to bring:<\/h4>\n<ol style=\"column-count: 2;\">\n<li>Passport<\/li>\n<li>Money and credit card<\/li>\n<li>Appropriate footwear and clothing<\/li>\n<li>Luggage suitcases and backpacks<\/li>\n<li>Travel medications<\/li>\n<\/ol>\n<p>&nbsp;<\/p>\n<hr \/>\n<p>&nbsp;<\/p>\n<div class=\"tour-content-what-included\">\n<h4 id=\"whats-included\"><span data-sheets-root=\"1\">Included:<\/span><\/h4>\n<ul style=\"column-count: 2;\">\n<li>Private pick-up and drop-off from your hotel<\/li>\n<li>All transfers in an air-conditioned vehicle<\/li>\n<li>Private, professional tour guide<\/li>\n<li>\u00a0Entrance fees to the Pyramids, Sphinx, and Saqqara<\/li>\n<li>\u00a0Lunch at a local restaurant<\/li>\n<li>\u00a0All taxes and service charges<\/li>\n<\/ul>\n<p>&nbsp;<\/p>\n<p data-start=\"356\" data-end=\"377\">\n<\/div>\n<hr \/>\n<p>&nbsp;<\/p>\n<div class=\"tour-content-add-information\">\n<h4 id=\"whats-included\">Excludes:<\/h4>\n<ul>\n<li data-start=\"424\" data-end=\"466\">\u00a0Optional visits<\/li>\n<li data-start=\"469\" data-end=\"520\">\u00a0Tipping for the guide and driver<\/li>\n<\/ul>\n<p>&nbsp;<\/p>\n<\/div>\n<hr \/>\n<p>&nbsp;<\/p>\n<div class=\"tour-content-cancell-policy\">\n<h4 id=\"cancelation-policy\">Price:<\/h4>\n<ul style=\"column-count: 2;\">\n<li><span data-sheets-root=\"1\">2 people: \u20ac90 \/per person<\/span><\/li>\n<li><span data-sheets-root=\"1\">3 people: \u20ac70 \/per person<\/span><\/li>\n<li><span data-sheets-root=\"1\">4 people: \u20ac65 \/per person<\/span><\/li>\n<li><span data-sheets-root=\"1\">5 people: \u20ac55 \/per person<\/span><\/li>\n<li><span data-sheets-root=\"1\">6 people: \u20ac45 \/per person<\/span><\/li>\n<li><span data-sheets-root=\"1\">7-9 people: \u20ac40 \/per person<\/span><\/li>\n<\/ul>\n<\/div>\n<p><span data-sheets-root=\"1\">*Children (6-11 years): 50% discount<\/span><\/p>\n<div class=\"tour-content-cancell-policy\">\n<p>&nbsp;<\/p>\n<hr \/>\n<h4><\/h4>\n<h4 id=\"cancelation-policy\"><span data-sheets-root=\"1\">Additional Details:<\/span><\/h4>\n<ul style=\"column-count: 2;\">\n<li><span data-sheets-root=\"1\">Available Days: Daily<\/span><\/li>\n<li><span data-sheets-root=\"1\">Duration: 8 hours<\/span><\/li>\n<li><span data-sheets-root=\"1\">Tour Type: Private<\/span><\/li>\n<\/ul>\n<p>&nbsp;<\/p>\n<\/div>","protected":false},"excerpt":{"rendered":"<p>Zaronite u magiju drevnog Egipta na ovom <strong data-start=\"359\" data-end=\"394\">ekskluzivnom privatnom obilasku<\/strong>, idealnom za sve ljubitelje istorije i arheologije. U\u017eivajte u udobnosti klimatizovanog vozila dok vas va\u0161 li\u010dni vodi\u010d vodi kroz najzna\u010dajnije lokalitete staroegipatske civilizacije.<\/p>","protected":false},"featured_media":12391,"comment_status":"open","ping_status":"closed","template":"","meta":[],"product_brand":[],"product_cat":[],"product_tag":[],"class_list":{"0":"post-12352","1":"product","2":"type-product","3":"status-publish","4":"has-post-thumbnail","6":"tour_phys-istorijske-ture","7":"pa_destination-kairo","8":"pa_month-april","9":"pa_month-august","10":"pa_month-december","11":"pa_month-february","12":"pa_month-january","13":"pa_month-july","14":"pa_month-june","15":"pa_month-march","16":"pa_month-may","17":"pa_month-november","18":"pa_month-october","19":"pa_month-september","21":"first","22":"instock","23":"shipping-taxable","24":"purchasable","25":"product-type-tour_phys"},"_links":{"self":[{"href":"https:\/\/n-mtravel.com\/en\/wp-json\/wp\/v2\/product\/12352","targetHints":{"allow":["GET"]}}],"collection":[{"href":"https:\/\/n-mtravel.com\/en\/wp-json\/wp\/v2\/product"}],"about":[{"href":"https:\/\/n-mtravel.com\/en\/wp-json\/wp\/v2\/types\/product"}],"replies":[{"embeddable":true,"href":"https:\/\/n-mtravel.com\/en\/wp-json\/wp\/v2\/comments?post=12352"}],"wp:featuredmedia":[{"embeddable":true,"href":"https:\/\/n-mtravel.com\/en\/wp-json\/wp\/v2\/media\/12391"}],"wp:attachment":[{"href":"https:\/\/n-mtravel.com\/en\/wp-json\/wp\/v2\/media?parent=12352"}],"wp:term":[{"taxonomy":"product_brand","embeddable":true,"href":"https:\/\/n-mtravel.com\/en\/wp-json\/wp\/v2\/product_brand?post=12352"},{"taxonomy":"product_cat","embeddable":true,"href":"https:\/\/n-mtravel.com\/en\/wp-json\/wp\/v2\/product_cat?post=12352"},{"taxonomy":"product_tag","embeddable":true,"href":"https:\/\/n-mtravel.com\/en\/wp-json\/wp\/v2\/product_tag?post=12352"}],"curies":[{"name":"wp","href":"https:\/\/api.w.org\/{rel}","templated":true}]}}